{"id":165,"date":"2023-12-11T15:57:01","date_gmt":"2023-12-11T14:57:01","guid":{"rendered":"http:\/\/francefaucardage.com\/?page_id=165"},"modified":"2023-12-11T15:57:06","modified_gmt":"2023-12-11T14:57:06","slug":"nos-sites-partenaires","status":"publish","type":"page","link":"https:\/\/francefaucardage.com\/index.php\/nos-sites-partenaires\/","title":{"rendered":"Nos sites partenaires"},"content":{"rendered":"\n<p>France Faucardage travaille sur l&rsquo;ensemble du territoire m\u00e9tropolitain, vous pouvez \u00e9galement nous joindre \u00e0 travers nos sites r\u00e9gionaux :<\/p>\n\n\n\n<p><a href=\"http:\/\/www.faucardage-valdeloire.fr\" data-type=\"link\" data-id=\"http:\/\/www.faucardage-valdeloire.fr\" target=\"_blank\" rel=\"noopener\">www.faucardage-valdeloire.fr<\/a><br><a href=\"http:\/\/www.faucardagedulimousin.com\" data-type=\"link\" data-id=\"http:\/\/www.faucardagedulimousin.com\" target=\"_blank\" rel=\"noopener\">www.faucardagedulimousin.com<\/a><br><a href=\"http:\/\/www.faucardagedesologne.com\" data-type=\"link\" data-id=\"http:\/\/www.faucardagedesologne.com\" target=\"_blank\" rel=\"noopener\">www.faucardagedesologne.com<\/a><\/p>\n\n\n\n<p>Nous vous offrons les m\u00eames tarifs \u00e0 travers ces quatre sites, ainsi qu&rsquo;un num\u00e9ro de t\u00e9l\u00e9phone unique pour obtenir un conseil, un devis, un planning d&rsquo;intervention :<\/p>\n\n\n\n<p class=\"has-text-align-center\"><mark style=\"background-color:rgba(0, 0, 0, 0)\" class=\"has-inline-color has-black-color\">06 01 71 49 53<\/mark><\/p>\n","protected":false},"excerpt":{"rendered":"<p>France Faucardage travaille sur l&rsquo;ensemble du territoire m\u00e9tropolitain, vous pouvez \u00e9galement nous joindre \u00e0 travers nos sites r\u00e9gionaux : www.faucardage-valdeloire.frwww.faucardagedulimousin.comwww.faucardagedesologne.com [&hellip;]<\/p>\n","protected":false},"author":1,"featured_media":92,"parent":0,"menu_order":0,"comment_status":"closed","ping_status":"closed","template":"","meta":{"site-sidebar-layout":"default","site-content-layout":"","ast-site-content-layout":"default","site-content-style":"default","site-sidebar-style":"default","ast-global-header-display":"","ast-banner-title-visibility":"","ast-main-header-display":"","ast-hfb-above-header-display":"","ast-hfb-below-header-display":"","ast-hfb-mobile-header-display":"","site-post-title":"","ast-breadcrumbs-content":"","ast-featured-img":"","footer-sml-layout":"","theme-transparent-header-meta":"","adv-header-id-meta":"","stick-header-meta":"","header-above-stick-meta":"","header-main-stick-meta":"","header-below-stick-meta":"","astra-migrate-meta-layouts":"default","ast-page-background-enabled":"default","ast-page-background-meta":{"desktop":{"background-color":"var(--ast-global-color-4)","background-image":"","background-repeat":"repeat","background-position":"center center","background-size":"auto","background-attachment":"scroll","background-type":"","background-media":"","overlay-type":"","overlay-color":"","overlay-opacity":"","overlay-gradient":""},"tablet":{"background-color":"","background-image":"","background-repeat":"repeat","background-position":"center center","background-size":"auto","background-attachment":"scroll","background-type":"","background-media":"","overlay-type":"","overlay-color":"","overlay-opacity":"","overlay-gradient":""},"mobile":{"background-color":"","background-image":"","background-repeat":"repeat","background-position":"center center","background-size":"auto","background-attachment":"scroll","background-type":"","background-media":"","overlay-type":"","overlay-color":"","overlay-opacity":"","overlay-gradient":""}},"ast-content-background-meta":{"desktop":{"background-color":"var(--ast-global-color-5)","background-image":"","background-repeat":"repeat","background-position":"center center","background-size":"auto","background-attachment":"scroll","background-type":"","background-media":"","overlay-type":"","overlay-color":"","overlay-opacity":"","overlay-gradient":""},"tablet":{"background-color":"var(--ast-global-color-5)","background-image":"","background-repeat":"repeat","background-position":"center center","background-size":"auto","background-attachment":"scroll","background-type":"","background-media":"","overlay-type":"","overlay-color":"","overlay-opacity":"","overlay-gradient":""},"mobile":{"background-color":"var(--ast-global-color-5)","background-image":"","background-repeat":"repeat","background-position":"center center","background-size":"auto","background-attachment":"scroll","background-type":"","background-media":"","overlay-type":"","overlay-color":"","overlay-opacity":"","overlay-gradient":""}},"footnotes":""},"class_list":["post-165","page","type-page","status-publish","has-post-thumbnail","hentry"],"_links":{"self":[{"href":"https:\/\/francefaucardage.com\/index.php\/wp-json\/wp\/v2\/pages\/165","targetHints":{"allow":["GET"]}}],"collection":[{"href":"https:\/\/francefaucardage.com\/index.php\/wp-json\/wp\/v2\/pages"}],"about":[{"href":"https:\/\/francefaucardage.com\/index.php\/wp-json\/wp\/v2\/types\/page"}],"author":[{"embeddable":true,"href":"https:\/\/francefaucardage.com\/index.php\/wp-json\/wp\/v2\/users\/1"}],"replies":[{"embeddable":true,"href":"https:\/\/francefaucardage.com\/index.php\/wp-json\/wp\/v2\/comments?post=165"}],"version-history":[{"count":1,"href":"https:\/\/francefaucardage.com\/index.php\/wp-json\/wp\/v2\/pages\/165\/revisions"}],"predecessor-version":[{"id":166,"href":"https:\/\/francefaucardage.com\/index.php\/wp-json\/wp\/v2\/pages\/165\/revisions\/166"}],"wp:featuredmedia":[{"embeddable":true,"href":"https:\/\/francefaucardage.com\/index.php\/wp-json\/wp\/v2\/media\/92"}],"wp:attachment":[{"href":"https:\/\/francefaucardage.com\/index.php\/wp-json\/wp\/v2\/media?parent=165"}],"curies":[{"name":"wp","href":"https:\/\/api.w.org\/{rel}","templated":true}]}}