{"id":2,"date":"2023-07-05T08:41:14","date_gmt":"2023-07-05T06:41:14","guid":{"rendered":"http:\/\/francefaucardage.com\/?page_id=2"},"modified":"2024-03-16T10:21:06","modified_gmt":"2024-03-16T09:21:06","slug":"page-d-exemple","status":"publish","type":"page","link":"https:\/\/francefaucardage.com\/index.php\/page-d-exemple\/","title":{"rendered":"Techniques et mat\u00e9riels de faucardage"},"content":{"rendered":"\n<p>Selon la superficie, la profondeur de l&rsquo;\u00e9tang ou du cours d&rsquo;eau ; selon les esp\u00e8ces \u00e0 contr\u00f4ler et les conditions de travail et d&rsquo;acc\u00e8s, diff\u00e9rents mat\u00e9riels peuvent \u00eatre utilis\u00e9s. Le choix du mat\u00e9riel conditionne \u00e9troitement le mode op\u00e9ratoire ainsi que le tarif journalier de l&rsquo;intervention.<\/p>\n\n\n\n<h2 class=\"wp-block-heading\">Bargue amphibie : polyvalence<\/h2>\n\n\n\n<p>Ainsi la barge amphibie, dite \u00ab\u00a0porte-outil\u00a0\u00bb permet une coupe et un ramassage, elle se r\u00e9v\u00e8le lente et maladroite pour les rivi\u00e8res et les \u00e9tangs encombr\u00e8s tout en permettant, dans un second temps, de d\u00e9poser sur les berges les r\u00e9sidus de coupe. Les principales marques d&rsquo;engin amphibie sur le march\u00e9 fran\u00e7ais sont les Truxor et les Mobitrac. Ce sont des engins flottants capables de se mouvoir dans et hors de l&rsquo;eau. Leur polyvalence leur permet de r\u00e9aliser des travaux divers selon l&rsquo;outil mis en place : aspiration des vases, fraisage des n\u00e9nuphars ou faucardage des plantes aquatiques et des algues.<\/p>\n\n\n\n<h2 class=\"wp-block-heading\">Bateau faucardeur : la coupe la plus rapide<\/h2>\n\n\n\n<p>Le bateau faucardeur permet une coupe rapide, cependant il ne permet que de pousser au bord de l&rsquo;\u00e9tang les r\u00e9sidus, charge \u00e0 un travail manuel ou m\u00e9canis\u00e9 de les sortir de l&rsquo;eau. Le bateau permet de couper jusqu&rsquo;\u00e0 5 000 m\u00b2 par jour et beaucoup plus dans les \u00e9tangs au fond r\u00e9gulier..<\/p>\n\n\n\n<p>Equip\u00e9 de lames frontales ou d&rsquo;un faucard lat\u00e9ral plus maniable, le bateau faucardeur que nous utilisons est propuls\u00e9 par un moteur hors-bord de 50 cv qui permet une avanc\u00e9e rapide dans les herbiers les plus compacts.<\/p>\n\n\n\n<figure class=\"wp-block-image size-large\"><img loading=\"lazy\" decoding=\"async\" width=\"1024\" height=\"768\" src=\"http:\/\/francefaucardage.com\/wp-content\/uploads\/2023\/12\/280287418_2485414908260900_1416997369073519954_n-1024x768.jpg\" alt=\"bateau barque de faucardage\" class=\"wp-image-169\" title=\"\" srcset=\"https:\/\/francefaucardage.com\/wp-content\/uploads\/2023\/12\/280287418_2485414908260900_1416997369073519954_n-1024x768.jpg 1024w, https:\/\/francefaucardage.com\/wp-content\/uploads\/2023\/12\/280287418_2485414908260900_1416997369073519954_n-300x225.jpg 300w, https:\/\/francefaucardage.com\/wp-content\/uploads\/2023\/12\/280287418_2485414908260900_1416997369073519954_n-768x576.jpg 768w, https:\/\/francefaucardage.com\/wp-content\/uploads\/2023\/12\/280287418_2485414908260900_1416997369073519954_n.jpg 1357w\" sizes=\"auto, (max-width: 1024px) 100vw, 1024px\" \/><\/figure>\n\n\n\n<h2 class=\"wp-block-heading\">Les outils manuels (et electroportatifs).<\/h2>\n\n\n\n<p>Les outils manuels ou \u00e9lectriques apparus r\u00e9cemment sur le march\u00e9 ne permettent pas d&rsquo;envisager le faucardage au del\u00e0 d&rsquo;une mare (1 000 m\u00b2 et moins). C&rsquo;est un travail physique qui demande souvent de descendre dans l&rsquo;eau pour avoir quelque efficacit\u00e9.<\/p>\n\n\n\n<p>Les n\u00e9erlandais, expos\u00e9s \u00e0 des faucardages et entretien de foss\u00e9s importants, ont d\u00e9velopp\u00e9 d&rsquo;imposantes machines dont l&rsquo;usage et les co\u00fbts d&rsquo;exploitation les r\u00e9servent aux collectivit\u00e9s pour d&rsquo;importants travaux (canal de navigation fluvial, port fluvial&#8230;).<\/p>\n","protected":false},"excerpt":{"rendered":"<p>Selon la superficie, la profondeur de l&rsquo;\u00e9tang ou du cours d&rsquo;eau ; selon les esp\u00e8ces \u00e0 contr\u00f4ler et les conditions [&hellip;]<\/p>\n","protected":false},"author":1,"featured_media":79,"parent":0,"menu_order":0,"comment_status":"closed","ping_status":"open","template":"","meta":{"site-sidebar-layout":"default","site-content-layout":"","ast-site-content-layout":"default","site-content-style":"default","site-sidebar-style":"default","ast-global-header-display":"","ast-banner-title-visibility":"","ast-main-header-display":"","ast-hfb-above-header-display":"","ast-hfb-below-header-display":"","ast-hfb-mobile-header-display":"","site-post-title":"","ast-breadcrumbs-content":"","ast-featured-img":"","footer-sml-layout":"","theme-transparent-header-meta":"","adv-header-id-meta":"","stick-header-meta":"","header-above-stick-meta":"","header-main-stick-meta":"","header-below-stick-meta":"","astra-migrate-meta-layouts":"default","ast-page-background-enabled":"default","ast-page-background-meta":{"desktop":{"background-color":"var(--ast-global-color-4)","background-image":"","background-repeat":"repeat","background-position":"center center","background-size":"auto","background-attachment":"scroll","background-type":"","background-media":"","overlay-type":"","overlay-color":"","overlay-opacity":"","overlay-gradient":""},"tablet":{"background-color":"","background-image":"","background-repeat":"repeat","background-position":"center center","background-size":"auto","background-attachment":"scroll","background-type":"","background-media":"","overlay-type":"","overlay-color":"","overlay-opacity":"","overlay-gradient":""},"mobile":{"background-color":"","background-image":"","background-repeat":"repeat","background-position":"center center","background-size":"auto","background-attachment":"scroll","background-type":"","background-media":"","overlay-type":"","overlay-color":"","overlay-opacity":"","overlay-gradient":""}},"ast-content-background-meta":{"desktop":{"background-color":"var(--ast-global-color-5)","background-image":"","background-repeat":"repeat","background-position":"center center","background-size":"auto","background-attachment":"scroll","background-type":"","background-media":"","overlay-type":"","overlay-color":"","overlay-opacity":"","overlay-gradient":""},"tablet":{"background-color":"var(--ast-global-color-5)","background-image":"","background-repeat":"repeat","background-position":"center center","background-size":"auto","background-attachment":"scroll","background-type":"","background-media":"","overlay-type":"","overlay-color":"","overlay-opacity":"","overlay-gradient":""},"mobile":{"background-color":"var(--ast-global-color-5)","background-image":"","background-repeat":"repeat","background-position":"center center","background-size":"auto","background-attachment":"scroll","background-type":"","background-media":"","overlay-type":"","overlay-color":"","overlay-opacity":"","overlay-gradient":""}},"footnotes":""},"class_list":["post-2","page","type-page","status-publish","has-post-thumbnail","hentry"],"_links":{"self":[{"href":"https:\/\/francefaucardage.com\/index.php\/wp-json\/wp\/v2\/pages\/2","targetHints":{"allow":["GET"]}}],"collection":[{"href":"https:\/\/francefaucardage.com\/index.php\/wp-json\/wp\/v2\/pages"}],"about":[{"href":"https:\/\/francefaucardage.com\/index.php\/wp-json\/wp\/v2\/types\/page"}],"author":[{"embeddable":true,"href":"https:\/\/francefaucardage.com\/index.php\/wp-json\/wp\/v2\/users\/1"}],"replies":[{"embeddable":true,"href":"https:\/\/francefaucardage.com\/index.php\/wp-json\/wp\/v2\/comments?post=2"}],"version-history":[{"count":6,"href":"https:\/\/francefaucardage.com\/index.php\/wp-json\/wp\/v2\/pages\/2\/revisions"}],"predecessor-version":[{"id":285,"href":"https:\/\/francefaucardage.com\/index.php\/wp-json\/wp\/v2\/pages\/2\/revisions\/285"}],"wp:featuredmedia":[{"embeddable":true,"href":"https:\/\/francefaucardage.com\/index.php\/wp-json\/wp\/v2\/media\/79"}],"wp:attachment":[{"href":"https:\/\/francefaucardage.com\/index.php\/wp-json\/wp\/v2\/media?parent=2"}],"curies":[{"name":"wp","href":"https:\/\/api.w.org\/{rel}","templated":true}]}}